{"id":1407,"date":"2019-03-25T15:12:24","date_gmt":"2019-03-25T14:12:24","guid":{"rendered":"https:\/\/www.coachoffice365.com\/?page_id=1407"},"modified":"2019-12-23T12:55:09","modified_gmt":"2019-12-23T11:55:09","slug":"nyhetsbrev","status":"publish","type":"page","link":"https:\/\/www.coachoffice365.com\/sv\/vara-tjanster\/nyhetsbrev\/","title":{"rendered":"V\u00e5rt nyhetsbrev"},"content":{"rendered":"\t\t<div data-elementor-type=\"wp-post\" data-elementor-id=\"1407\" class=\"elementor elementor-1407 elementor-1207\">\n\t\t\t\t\t\t<div class=\"elementor-inner\">\n\t\t\t\t<div class=\"elementor-section-wrap\">\n\t\t\t\t\t\t\t\t\t<section class=\"elementor-section elementor-top-section elementor-element elementor-element-39b990aa elementor-section-boxed elementor-section-height-default elementor-section-height-default\" data-id=\"39b990aa\" data-element_type=\"section\">\n\t\t\t\t\t\t<div class=\"elementor-container elementor-column-gap-default\">\n\t\t\t\t\t\t\t<div class=\"elementor-row\">\n\t\t\t\t\t<div class=\"elementor-column elementor-col-100 elementor-top-column elementor-element elementor-element-2c8e5eda\" data-id=\"2c8e5eda\" data-element_type=\"column\">\n\t\t\t<div class=\"elementor-column-wrap elementor-element-populated\">\n\t\t\t\t\t\t\t<div class=\"elementor-widget-wrap\">\n\t\t\t\t\t\t<div class=\"elementor-element elementor-element-e5c6e72 elementor-widget elementor-widget-text-editor\" data-id=\"e5c6e72\" data-element_type=\"widget\" data-widget_type=\"text-editor.default\">\n\t\t\t\t<div class=\"elementor-widget-container\">\n\t\t\t\t\t\t\t\t<div class=\"elementor-text-editor elementor-clearfix\">\n\t\t\t\t<p>Du \u00e4r v\u00e4lkommen att prenumerera p\u00e5 v\u00e5rt nyhetsbrev som vi skickar ut p\u00e5 engelska varje m\u00e5nad.\u00a0D\u00e4r skriver vi om de uppdateringar i Office 365 som p\u00e5verkar de produktivitetsscenarios vi f\u00f6respr\u00e5kar samt nyheter om hur du mest effektivt leder f\u00f6r Office 365.<\/p><p><span style=\"font-variant-numeric: normal; font-variant-east-asian: normal;\">Du kan komma \u00e5t arkivet med tidigare nyhetsbrev <\/span><a style=\"font-variant-numeric: normal; font-variant-east-asian: normal;\" href=\"https:\/\/us18.campaign-archive.com\/home\/?u=0f5fd37454dd987cd12ff2d54&amp;id=4358b568f4\">h\u00e4r<\/a><span style=\"font-variant-numeric: normal; font-variant-east-asian: normal;\">.<\/span><\/p><p>Du kan registrera dig genom formul\u00e4ret nedan:<\/p><p><strong><label>Ditt f\u00f6rnamn<\/label><\/strong><br \/><input name=\"FNAME\" type=\"text\" data-kwimpalastatus=\"alive\" data-kwimpalaid=\"1577101884245-5\" \/><\/p><p><strong><label>Ditt efternamn<\/label><\/strong><br \/><input name=\"LNAME\" type=\"text\" data-kwimpalastatus=\"alive\" data-kwimpalaid=\"1577101884245-6\" \/><\/p><p><strong><label>Din e-postadress<\/label><\/strong><br \/><input name=\"EMAIL\" required=\"\" type=\"email\" placeholder=\"Din e-postadress\" data-kwimpalastatus=\"alive\" data-kwimpalaid=\"1577101884245-7\" \/><\/p><p style=\"text-align: center;\"><br \/><input type=\"submit\" value=\"Registrera dig\" \/><\/p>\t\t\t\t\t<\/div>\n\t\t\t\t\t\t<\/div>\n\t\t\t\t<\/div>\n\t\t\t\t\t\t<\/div>\n\t\t\t\t\t<\/div>\n\t\t<\/div>\n\t\t\t\t\t\t\t\t<\/div>\n\t\t\t\t\t<\/div>\n\t\t<\/section>\n\t\t\t\t\t\t\t\t\t<\/div>\n\t\t\t<\/div>\n\t\t\t\t\t<\/div>\n\t\t","protected":false},"excerpt":{"rendered":"<p>Du \u00e4r v\u00e4lkommen att prenumerera p\u00e5 v\u00e5rt nyhetsbrev som vi skickar ut p\u00e5 engelska varje m\u00e5nad.\u00a0D\u00e4r skriver vi om de uppdateringar i Office 365 som p\u00e5verkar de produktivitetsscenarios vi f\u00f6respr\u00e5kar samt nyheter om hur du mest effektivt leder f\u00f6r Office 365. Du kan komma \u00e5t arkivet med tidigare nyhetsbrev h\u00e4r. Du kan registrera dig genom [&hellip;]<\/p>\n","protected":false},"author":1,"featured_media":0,"parent":106,"menu_order":0,"comment_status":"closed","ping_status":"closed","template":"","meta":{"footnotes":""},"_links":{"self":[{"href":"https:\/\/www.coachoffice365.com\/sv\/wp-json\/wp\/v2\/pages\/1407"}],"collection":[{"href":"https:\/\/www.coachoffice365.com\/sv\/wp-json\/wp\/v2\/pages"}],"about":[{"href":"https:\/\/www.coachoffice365.com\/sv\/wp-json\/wp\/v2\/types\/page"}],"author":[{"embeddable":true,"href":"https:\/\/www.coachoffice365.com\/sv\/wp-json\/wp\/v2\/users\/1"}],"replies":[{"embeddable":true,"href":"https:\/\/www.coachoffice365.com\/sv\/wp-json\/wp\/v2\/comments?post=1407"}],"version-history":[{"count":21,"href":"https:\/\/www.coachoffice365.com\/sv\/wp-json\/wp\/v2\/pages\/1407\/revisions"}],"predecessor-version":[{"id":2102,"href":"https:\/\/www.coachoffice365.com\/sv\/wp-json\/wp\/v2\/pages\/1407\/revisions\/2102"}],"up":[{"embeddable":true,"href":"https:\/\/www.coachoffice365.com\/sv\/wp-json\/wp\/v2\/pages\/106"}],"wp:attachment":[{"href":"https:\/\/www.coachoffice365.com\/sv\/wp-json\/wp\/v2\/media?parent=1407"}],"curies":[{"name":"wp","href":"https:\/\/api.w.org\/{rel}","templated":true}]}}